{"id":2623,"date":"2023-04-11T21:32:50","date_gmt":"2023-04-11T18:32:50","guid":{"rendered":"https:\/\/www.holoportasyon.com.tr\/?page_id=2623"},"modified":"2023-04-11T21:42:56","modified_gmt":"2023-04-11T18:42:56","slug":"satilik-alan-adi","status":"publish","type":"page","link":"https:\/\/www.holoportasyon.com.tr\/index.php\/satilik-alan-adi","title":{"rendered":"Sat\u0131l\u0131k Alan Ad\u0131"},"content":{"rendered":"<p><strong><a href=\"https:\/\/www.holoportasyon.com.tr\/\">www.habermeydani.com.tr<\/a> \/\/ <a href=\"https:\/\/www.holoportasyon.com.tr\/\">Haber<\/a>, <a href=\"https:\/\/www.holoportasyon.com.tr\/\">Meydan\u0131<\/a><\/strong><\/p>\n<p><strong><a href=\"https:\/\/www.holoportasyon.com.tr\/\">www.vatanhaber.com.tr<\/a> \/\/ <a href=\"https:\/\/www.holoportasyon.com.tr\/\">Vatan<\/a>, <a href=\"https:\/\/www.holoportasyon.com.tr\/\">Haber<\/a><\/strong><\/p>\n<p>&nbsp;<\/p>\n<p>&nbsp;<\/p>\n<p>&nbsp;<\/p>\n<p><strong><a href=\"https:\/\/www.holoportasyon.com.tr\/\">www.paketrestaurant.com<\/a> \/\/\u00a0 <a href=\"https:\/\/www.holoportasyon.com.tr\/\">Paket<\/a>, <a href=\"https:\/\/www.holoportasyon.com.tr\/\">Restaurant<\/a><\/strong><\/p>\n<p><strong><a href=\"https:\/\/www.holoportasyon.com.tr\/\">www.paketrestaurant.net<\/a> \/\/ <a href=\"https:\/\/www.holoportasyon.com.tr\/\">Paket<\/a>, <a href=\"https:\/\/www.holoportasyon.com.tr\/\">Restaurant<\/a><\/strong><\/p>\n<p><strong><a href=\"https:\/\/www.holoportasyon.com.tr\/\">www.paketrestaurant.com.tr<\/a> \/\/ <a href=\"https:\/\/www.holoportasyon.com.tr\/\">Paket<\/a>, <a href=\"https:\/\/www.holoportasyon.com.tr\/\">Restaurant<\/a><\/strong><\/p>\n<p>&nbsp;<\/p>\n<p>&nbsp;<\/p>\n<p>&nbsp;<\/p>\n<p>&nbsp;<\/p>\n<p><strong><a href=\"https:\/\/www.holoportasyon.com.tr\/\">www.packetrestaurant.com.tr<\/a> \/\/ <a href=\"https:\/\/www.holoportasyon.com.tr\/\">Packet<\/a>, <a href=\"https:\/\/www.holoportasyon.com.tr\/\">Restaurant<\/a><\/strong><\/p>\n<p><strong><a href=\"https:\/\/www.holoportasyon.com.tr\/\">www.packetrestaurant.com<\/a> \/\/ <a href=\"https:\/\/www.holoportasyon.com.tr\/\">Packet<\/a>, <a href=\"https:\/\/www.holoportasyon.com.tr\/\">Restaurant<\/a><\/strong><\/p>\n<p>&nbsp;<\/p>\n<p>&nbsp;<\/p>\n<p><strong><a href=\"https:\/\/www.holoportasyon.com.tr\/\">www.dijitaldevriyekontrol.com.tr<\/a> \/\/ <a href=\"https:\/\/www.holoportasyon.com.tr\/\">Dijital<\/a>, <a href=\"https:\/\/www.holoportasyon.com.tr\/\">Devriye<\/a>, <a href=\"https:\/\/www.holoportasyon.com.tr\/\">Kontrol<\/a><\/strong><\/p>\n<p><strong><a href=\"https:\/\/www.holoportasyon.com.tr\/\">www.gloriafood.com.tr<\/a> \/\/ <a href=\"https:\/\/www.holoportasyon.com.tr\/\">Gloria<\/a>, <a href=\"https:\/\/www.holoportasyon.com.tr\/\">Food<\/a><\/strong><\/p>\n<p><strong><a href=\"https:\/\/www.holoportasyon.com.tr\/\">www.activedoor.com.tr<\/a> \/\/ <a href=\"https:\/\/www.holoportasyon.com.tr\/\">Active<\/a>, <a href=\"https:\/\/www.holoportasyon.com.tr\/\">Door<\/a><\/strong><\/p>\n<p>&nbsp;<\/p>\n<p>&nbsp;<\/p>\n<p>&nbsp;<\/p>\n<p><strong><a href=\"https:\/\/www.holoportasyon.com.tr\/\">www.holoportasyon.com.tr<\/a> \/\/ <a href=\"https:\/\/www.holoportasyon.com.tr\/\">Holo<\/a>, <a href=\"https:\/\/www.holoportasyon.com.tr\/\">Portasyon<\/a><\/strong><\/p>\n<p><strong><a href=\"https:\/\/www.holoportasyon.com.tr\/\">www.holoportation.com.tr<\/a> \/\/ <a href=\"https:\/\/www.holoportasyon.com.tr\/\">Holo<\/a>, <a href=\"https:\/\/www.holoportasyon.com.tr\/\">Portation<\/a><\/strong><\/p>\n<p><strong><a href=\"https:\/\/www.holoportasyon.com.tr\/\">www.hololens.com.tr<\/a> \/\/ <a href=\"https:\/\/www.holoportasyon.com.tr\/\">Holo<\/a>, <a href=\"https:\/\/www.holoportasyon.com.tr\/\">Lens<\/a><\/strong><\/p>\n<p>&nbsp;<\/p>\n<p>&nbsp;<\/p>\n<p>&nbsp;<\/p>\n<p>&nbsp;<\/p>\n<h2>\u0130LET\u0130\u015e\u0130M +90 532 641 67 08<\/h2>\n","protected":false},"excerpt":{"rendered":"<p>www.habermeydani.com.tr \/\/ Haber, Meydan\u0131 www.vatanhaber.com.tr \/\/ Vatan, Haber &nbsp; &nbsp; &nbsp; www.paketrestaurant.com \/\/\u00a0 Paket, Restaurant www.paketrestaurant.net \/\/ Paket, Restaurant www.paketrestaurant.com.tr \/\/ Paket, Restaurant &nbsp; &nbsp; &nbsp; &nbsp; www.packetrestaurant.com.tr \/\/ Packet, Restaurant www.packetrestaurant.com \/\/ Packet, Restaurant &nbsp; &nbsp; www.dijitaldevriyekontrol.com.tr \/\/ Dijital, Devriye, Kontrol www.gloriafood.com.tr \/\/ Gloria, Food www.activedoor.com.tr \/\/ Active, Door &nbsp; &nbsp; &nbsp; www.holoportasyon.com.tr \/\/ [&hellip;]<\/p>\n","protected":false},"author":1,"featured_media":0,"parent":0,"menu_order":0,"comment_status":"closed","ping_status":"closed","template":"","meta":[],"yoast_head":"<!-- This site is optimized with the Yoast SEO plugin v17.6 - https:\/\/yoast.com\/wordpress\/plugins\/seo\/ -->\r\n<title>Sat\u0131l\u0131k Alan Ad\u0131 - Holoportasyon<\/title>\r\n<meta name=\"robots\" content=\"index, follow, max-snippet:-1, max-image-preview:large, max-video-preview:-1\" \/>\r\n<link rel=\"canonical\" href=\"https:\/\/www.holoportasyon.com.tr\/index.php\/satilik-alan-adi\" \/>\r\n<meta property=\"og:locale\" content=\"tr_TR\" \/>\r\n<meta property=\"og:type\" content=\"article\" \/>\r\n<meta property=\"og:title\" content=\"Sat\u0131l\u0131k Alan Ad\u0131 - Holoportasyon\" \/>\r\n<meta property=\"og:description\" content=\"www.habermeydani.com.tr \/\/ Haber, Meydan\u0131 www.vatanhaber.com.tr \/\/ Vatan, Haber &nbsp; &nbsp; &nbsp; www.paketrestaurant.com \/\/\u00a0 Paket, Restaurant www.paketrestaurant.net \/\/ Paket, Restaurant www.paketrestaurant.com.tr \/\/ Paket, Restaurant &nbsp; &nbsp; &nbsp; &nbsp; www.packetrestaurant.com.tr \/\/ Packet, Restaurant www.packetrestaurant.com \/\/ Packet, Restaurant &nbsp; &nbsp; www.dijitaldevriyekontrol.com.tr \/\/ Dijital, Devriye, Kontrol www.gloriafood.com.tr \/\/ Gloria, Food www.activedoor.com.tr \/\/ Active, Door &nbsp; &nbsp; &nbsp; www.holoportasyon.com.tr \/\/ [&hellip;]\" \/>\r\n<meta property=\"og:url\" content=\"https:\/\/www.holoportasyon.com.tr\/index.php\/satilik-alan-adi\" \/>\r\n<meta property=\"og:site_name\" content=\"Holoportasyon\" \/>\r\n<meta property=\"article:modified_time\" content=\"2023-04-11T18:42:56+00:00\" \/>\r\n<meta name=\"twitter:card\" content=\"summary_large_image\" \/>\r\n<script type=\"application\/ld+json\" class=\"yoast-schema-graph\">{\"@context\":\"https:\/\/schema.org\",\"@graph\":[{\"@type\":\"WebSite\",\"@id\":\"https:\/\/www.holoportasyon.com.tr\/#website\",\"url\":\"https:\/\/www.holoportasyon.com.tr\/\",\"name\":\"Holoportasyon\",\"description\":\"Holoportasyon, holo, lens, g\\u00f6zl\\u00fck, 3d, Metaverse, holoportasyon nedir\",\"potentialAction\":[{\"@type\":\"SearchAction\",\"target\":{\"@type\":\"EntryPoint\",\"urlTemplate\":\"https:\/\/www.holoportasyon.com.tr\/?s={search_term_string}\"},\"query-input\":\"required name=search_term_string\"}],\"inLanguage\":\"tr\"},{\"@type\":\"WebPage\",\"@id\":\"https:\/\/www.holoportasyon.com.tr\/index.php\/satilik-alan-adi#webpage\",\"url\":\"https:\/\/www.holoportasyon.com.tr\/index.php\/satilik-alan-adi\",\"name\":\"Sat\\u0131l\\u0131k Alan Ad\\u0131 - Holoportasyon\",\"isPartOf\":{\"@id\":\"https:\/\/www.holoportasyon.com.tr\/#website\"},\"datePublished\":\"2023-04-11T18:32:50+00:00\",\"dateModified\":\"2023-04-11T18:42:56+00:00\",\"breadcrumb\":{\"@id\":\"https:\/\/www.holoportasyon.com.tr\/index.php\/satilik-alan-adi#breadcrumb\"},\"inLanguage\":\"tr\",\"potentialAction\":[{\"@type\":\"ReadAction\",\"target\":[\"https:\/\/www.holoportasyon.com.tr\/index.php\/satilik-alan-adi\"]}]},{\"@type\":\"BreadcrumbList\",\"@id\":\"https:\/\/www.holoportasyon.com.tr\/index.php\/satilik-alan-adi#breadcrumb\",\"itemListElement\":[{\"@type\":\"ListItem\",\"position\":1,\"name\":\"Anasayfa\",\"item\":\"https:\/\/www.holoportasyon.com.tr\/\"},{\"@type\":\"ListItem\",\"position\":2,\"name\":\"Sat\\u0131l\\u0131k Alan Ad\\u0131\"}]}]}<\/script>\r\n<!-- \/ Yoast SEO plugin. -->","yoast_head_json":{"title":"Sat\u0131l\u0131k Alan Ad\u0131 - Holoportasyon","robots":{"index":"index","follow":"follow","max-snippet":"max-snippet:-1","max-image-preview":"max-image-preview:large","max-video-preview":"max-video-preview:-1"},"canonical":"https:\/\/www.holoportasyon.com.tr\/index.php\/satilik-alan-adi","og_locale":"tr_TR","og_type":"article","og_title":"Sat\u0131l\u0131k Alan Ad\u0131 - Holoportasyon","og_description":"www.habermeydani.com.tr \/\/ Haber, Meydan\u0131 www.vatanhaber.com.tr \/\/ Vatan, Haber &nbsp; &nbsp; &nbsp; www.paketrestaurant.com \/\/\u00a0 Paket, Restaurant www.paketrestaurant.net \/\/ Paket, Restaurant www.paketrestaurant.com.tr \/\/ Paket, Restaurant &nbsp; &nbsp; &nbsp; &nbsp; www.packetrestaurant.com.tr \/\/ Packet, Restaurant www.packetrestaurant.com \/\/ Packet, Restaurant &nbsp; &nbsp; www.dijitaldevriyekontrol.com.tr \/\/ Dijital, Devriye, Kontrol www.gloriafood.com.tr \/\/ Gloria, Food www.activedoor.com.tr \/\/ Active, Door &nbsp; &nbsp; &nbsp; www.holoportasyon.com.tr \/\/ [&hellip;]","og_url":"https:\/\/www.holoportasyon.com.tr\/index.php\/satilik-alan-adi","og_site_name":"Holoportasyon","article_modified_time":"2023-04-11T18:42:56+00:00","twitter_card":"summary_large_image","schema":{"@context":"https:\/\/schema.org","@graph":[{"@type":"WebSite","@id":"https:\/\/www.holoportasyon.com.tr\/#website","url":"https:\/\/www.holoportasyon.com.tr\/","name":"Holoportasyon","description":"Holoportasyon, holo, lens, g\u00f6zl\u00fck, 3d, Metaverse, holoportasyon nedir","potentialAction":[{"@type":"SearchAction","target":{"@type":"EntryPoint","urlTemplate":"https:\/\/www.holoportasyon.com.tr\/?s={search_term_string}"},"query-input":"required name=search_term_string"}],"inLanguage":"tr"},{"@type":"WebPage","@id":"https:\/\/www.holoportasyon.com.tr\/index.php\/satilik-alan-adi#webpage","url":"https:\/\/www.holoportasyon.com.tr\/index.php\/satilik-alan-adi","name":"Sat\u0131l\u0131k Alan Ad\u0131 - Holoportasyon","isPartOf":{"@id":"https:\/\/www.holoportasyon.com.tr\/#website"},"datePublished":"2023-04-11T18:32:50+00:00","dateModified":"2023-04-11T18:42:56+00:00","breadcrumb":{"@id":"https:\/\/www.holoportasyon.com.tr\/index.php\/satilik-alan-adi#breadcrumb"},"inLanguage":"tr","potentialAction":[{"@type":"ReadAction","target":["https:\/\/www.holoportasyon.com.tr\/index.php\/satilik-alan-adi"]}]},{"@type":"BreadcrumbList","@id":"https:\/\/www.holoportasyon.com.tr\/index.php\/satilik-alan-adi#breadcrumb","itemListElement":[{"@type":"ListItem","position":1,"name":"Anasayfa","item":"https:\/\/www.holoportasyon.com.tr\/"},{"@type":"ListItem","position":2,"name":"Sat\u0131l\u0131k Alan Ad\u0131"}]}]}},"_links":{"self":[{"href":"https:\/\/www.holoportasyon.com.tr\/index.php\/wp-json\/wp\/v2\/pages\/2623"}],"collection":[{"href":"https:\/\/www.holoportasyon.com.tr\/index.php\/wp-json\/wp\/v2\/pages"}],"about":[{"href":"https:\/\/www.holoportasyon.com.tr\/index.php\/wp-json\/wp\/v2\/types\/page"}],"author":[{"embeddable":true,"href":"https:\/\/www.holoportasyon.com.tr\/index.php\/wp-json\/wp\/v2\/users\/1"}],"replies":[{"embeddable":true,"href":"https:\/\/www.holoportasyon.com.tr\/index.php\/wp-json\/wp\/v2\/comments?post=2623"}],"version-history":[{"count":3,"href":"https:\/\/www.holoportasyon.com.tr\/index.php\/wp-json\/wp\/v2\/pages\/2623\/revisions"}],"predecessor-version":[{"id":2626,"href":"https:\/\/www.holoportasyon.com.tr\/index.php\/wp-json\/wp\/v2\/pages\/2623\/revisions\/2626"}],"wp:attachment":[{"href":"https:\/\/www.holoportasyon.com.tr\/index.php\/wp-json\/wp\/v2\/media?parent=2623"}],"curies":[{"name":"wp","href":"https:\/\/api.w.org\/{rel}","templated":true}]}}