{"id":2565,"date":"2021-11-21T01:06:14","date_gmt":"2021-11-20T22:06:14","guid":{"rendered":"https:\/\/www.holoportasyon.com.tr\/?page_id=2565"},"modified":"2021-11-21T18:02:44","modified_gmt":"2021-11-21T15:02:44","slug":"hololens-teknolojisi","status":"publish","type":"page","link":"https:\/\/www.holoportasyon.com.tr\/index.php\/hololens-teknolojisi","title":{"rendered":"Hololens Teknolojisi"},"content":{"rendered":"<h1><a href=\"https:\/\/www.holoportasyon.com.tr\/\">Hololens Teknolojisi<\/a><\/h1>\n<p>Teknolojinin de geli\u015fmesi ile birlikte pek \u00e7ok anlamda geli\u015fmeler ya\u015fanm\u0131\u015ft\u0131r. Bunlardan birisi de Windows 10 i\u015fletim sistemine entegre edilmi\u015f g\u00f6zl\u00fck olan hololens olmaktad\u0131r. Son y\u0131llarda holoportasyon ve <strong><a href=\"https:\/\/www.holoportasyon.com.tr\/\">Hololens Teknolojisi<\/a><\/strong> sorular\u0131 ile s\u0131kl\u0131kla kar\u015f\u0131la\u015fmaktad\u0131r. Pek \u00e7ok farkl\u0131 g\u00f6rev g\u00f6ren hololens ve holoportasyon teknoloji ile ilgilenen herkes taraf\u0131ndan merak uyand\u0131rmaktad\u0131r.<\/p>\n<p>&nbsp;<\/p>\n<p><iframe loading=\"lazy\" title=\"YouTube video player\" src=\"https:\/\/www.youtube.com\/embed\/eqFqtAJMtYE\" width=\"100%\" height=\"315\" frameborder=\"0\" allowfullscreen=\"allowfullscreen\"><\/iframe><\/p>\n<p>&nbsp;<\/p>\n<p><strong><a href=\"https:\/\/www.holoportasyon.com.tr\/\">Hololens<\/a> Nedir?\u00a0<\/strong><\/p>\n<p>Hololens ger\u00e7eklik seviyesini bir ad\u0131m ileri ta\u015f\u0131yan bir teknoloji olarak kar\u015f\u0131m\u0131za \u00e7\u0131kmaktad\u0131r. Windows 10 i\u015fletim sistemine entegre edilmi\u015f olan bu g\u00f6zl\u00fck <strong><a href=\"https:\/\/www.holoportasyon.com.tr\/\">Hololens Teknolojisi<\/a><\/strong> nedir sorusunu da beraberinde getirmi\u015ftir.<\/p>\n<p><a href=\"https:\/\/www.microsoft.com\/en-us\/research\/project\/holoportation-3\/\"><strong>Hololens<\/strong><\/a> holografik bir yans\u0131t\u0131c\u0131 g\u00f6revi \u00fcstlenen g\u00f6zl\u00fckt\u00fcr. Ki\u015filerin g\u00f6z\u00fcn\u00fcn \u00f6n\u00fcne yans\u0131yan holografik Windows 10 i\u015fletim sistemi ki\u015filer ile ayn\u0131 zamanda sesli ileti\u015fime ge\u00e7ebilmektedir. Ayr\u0131ca ses komutu da alabilmektedir. Parmaklar g\u00f6zl\u00fc\u011f\u00fcn \u00f6n\u00fcne getirilip mouse g\u00f6revi de g\u00f6rmektedir.<\/p>\n<p>&nbsp;<\/p>\n<h3>Sonu\u00e7 Olarak,<\/h3>\n<p><strong><a href=\"https:\/\/www.holoportasyon.com.tr\/\">Hololens Ne \u0130\u015fe Yarar<\/a>?\u00a0\u00a0<\/strong><\/p>\n<p><strong>nedir<\/strong> ile birlikte ne i\u015fe yarad\u0131\u011f\u0131 da merak edilen konular aras\u0131nda bulunmaktad\u0131r. Hololens ile CAD uygulamalar\u0131 kolay bir \u015fekilde hi\u00e7bir \u015feye ihtiya\u00e7 duyulmadan y\u00f6netilebilmektedir. Ayr\u0131ca mouse g\u00f6revi yapan parmaklar ile \u00e7izimler yap\u0131labilirken objeler de ta\u015f\u0131nabilmektedir.<\/p>\n<p>&nbsp;<\/p>\n<p>Yap\u0131lan bu i\u015flemler esnas\u0131nda ki\u015filerin sabit durmas\u0131 gerekmektedir.<a href=\"https:\/\/www.holoportasyon.com.tr\/\"><strong> Hololens<\/strong><\/a> objenin ta\u015f\u0131d\u0131\u011f\u0131 yeri\u015f kendisi kaydetmekte ki\u015filer g\u00f6zlerini ba\u015fka bir yere \u00e7evirip tekrar ayn\u0131 yere \u00e7evirdiklerinde obje konulan yerde bulunmaktad\u0131r. Ayr\u0131ca bu g\u00f6zl\u00fck ile yap\u0131lan \u00e7izimler yaz\u0131c\u0131lardan \u00e7\u0131kt\u0131 olarak al\u0131nabilmektedir.<\/p>\n<p>&nbsp;<\/p>\n<p><strong>Holo lens<\/strong> g\u00f6zl\u00fc\u011f\u00fcn di\u011fer bir g\u00f6revi de evlerin tasar\u0131mlar\u0131n\u0131n ger\u00e7ekle\u015ftirilmesini sa\u011flamas\u0131d\u0131r. Ev i\u00e7erisinde g\u00f6zl\u00fc\u011f\u00fc takarak ayn\u0131 mant\u0131k ile evi bir tuval olarak d\u00fc\u015f\u00fcnerek \u00e7e\u015fitli tasar\u0131mlar da yap\u0131labilmektedir. Bunlar d\u0131\u015f\u0131nda <a href=\"https:\/\/www.holoportasyon.com.tr\/\"><strong>holo lens<\/strong><\/a> g\u00f6zl\u00fckteki uygulanmalar ile sesli etkile\u015fime de ge\u00e7ilebilir. G\u00fcn\u00fcm\u00fczde \u0130ngilizce olarak ger\u00e7ekle\u015fen sesli etkile\u015fim d\u0131\u015f\u0131nda sesli cevaplar da bu g\u00f6zl\u00fck ile al\u0131nabilmektedir.<\/p>\n<p>&nbsp;<\/p>\n<p><strong><a href=\"https:\/\/www.holoportasyon.com.tr\/\">Holoportasyon<\/a> Nedir?\u00a0<\/strong><\/p>\n<p>Microsoft taraf\u0131ndan geli\u015ftirilen Hololens&#8217;in yan\u0131nda holoportasyon uygulamas\u0131 da geli\u015ftirilmi\u015ftir. Bu nedenle <a href=\"https:\/\/www.holoportasyon.com.tr\/\"><strong>holoportasyon nedir<\/strong><\/a> sorusu \u00e7ok s\u0131k sorulmaktad\u0131r. Hololens g\u00f6zl\u00fck ile yap\u0131lan i\u015flemlerden birisi de mekan olarak ba\u015fka bir yerde bulunan ki\u015filer ile g\u00f6r\u00fc\u015f\u00fclmesidir. Burada kar\u015f\u0131m\u0131za <a href=\"https:\/\/www.holoportasyon.com.tr\/\">holoportasyon<\/a> \u00e7\u0131kmaktad\u0131r. Bu g\u00f6zl\u00fck ile ba\u015fka bir mekanda arkada\u015flar\u0131n\u0131z ile ayn\u0131 odadaym\u0131\u015f gibi g\u00f6r\u00fc\u015f\u00fclmesini sa\u011flayan teknolojiye holopostasyon ad\u0131 verilmektedir. <a href=\"https:\/\/www.holoportasyon.com.tr\/\"><strong>Holoportasyon nedir<\/strong><\/a> sorusuna da bu \u015fekilde cevap verebiliriz.<\/p>\n<p>&nbsp;<\/p>\n<p>Holoportasyon son y\u0131llarda ad\u0131ndan s\u0131kl\u0131kla bahsettiren \u00f6nemli teknolojilerden birisidir. Bu sistem kar\u015f\u0131daki ki\u015finin hologram\u0131n\u0131 olu\u015fturan ve ki\u015fiyi adeta yan\u0131m\u0131za getiren bir sistemdir. B\u00f6ylece g\u00f6r\u00fcnt\u00fcl\u00fc konu\u015fmay\u0131 da bir ad\u0131m ileri ta\u015f\u0131nmaktad\u0131r.<\/p>\n<p>&nbsp;<\/p>\n<p><strong><a href=\"https:\/\/www.holoportasyon.com.tr\/\">Holoportasyon Nas\u0131l \u00c7al\u0131\u015f\u0131r<\/a>?\u00a0\u00a0<\/strong><\/p>\n<p><a href=\"https:\/\/www.holoportasyon.com.tr\/\"><strong>Holoportasyon nedir <\/strong><\/a>sorusu ile birlikte bu sistemin nas\u0131l \u00e7al\u0131\u015ft\u0131\u011f\u0131 da merak konusudur. Sistem odan\u0131n d\u00f6rt bir taraf\u0131na yerle\u015ftirilen \u00fc\u00e7 boyutlu kameralardan al\u0131nan g\u00f6r\u00fcnt\u00fcler h\u0131zl\u0131 bir \u015fekillenerek \u00e7al\u0131\u015fmaktad\u0131r. B\u00f6ylece ortamdaki hareketli ve sabit cisimlerin \u00fc\u00e7 boyutlu dijital modellerinin \u00e7\u0131kar\u0131lmas\u0131n\u0131 sa\u011flamaktad\u0131r.<\/p>\n<p>Kamera ve ili\u015fkili yaz\u0131l\u0131m \u00fc\u00e7 boyutlu taray\u0131c\u0131 gibi \u00e7al\u0131\u015fmakta ve ortamda bulunan her \u015feyi tarayarak bilgisayarlara aktarmaktad\u0131r. Bu i\u015flemin ard\u0131ndan cisimlerin mekandaki yerlerini belirten koordinatlar kar\u015f\u0131 tarafa iletilerek g\u00f6zl\u00fck ile modeller mekandaym\u0131\u015f\u00e7as\u0131na ki\u015filere g\u00f6sterilmektedir.<\/p>\n","protected":false},"excerpt":{"rendered":"<p>Hololens Teknolojisi Teknolojinin de geli\u015fmesi ile birlikte pek \u00e7ok anlamda geli\u015fmeler ya\u015fanm\u0131\u015ft\u0131r. Bunlardan birisi de Windows 10 i\u015fletim sistemine entegre edilmi\u015f g\u00f6zl\u00fck olan hololens olmaktad\u0131r. Son y\u0131llarda holoportasyon ve Hololens Teknolojisi sorular\u0131 ile s\u0131kl\u0131kla kar\u015f\u0131la\u015fmaktad\u0131r. Pek \u00e7ok farkl\u0131 g\u00f6rev g\u00f6ren hololens ve holoportasyon teknoloji ile ilgilenen herkes taraf\u0131ndan merak uyand\u0131rmaktad\u0131r. &nbsp; &nbsp; Hololens Nedir?\u00a0 Hololens [&hellip;]<\/p>\n","protected":false},"author":1,"featured_media":0,"parent":0,"menu_order":0,"comment_status":"closed","ping_status":"closed","template":"","meta":[],"yoast_head":"<!-- This site is optimized with the Yoast SEO plugin v17.6 - https:\/\/yoast.com\/wordpress\/plugins\/seo\/ -->\r\n<title>Hololens Teknolojisi Nedir ve Nas\u0131l \u00c7al\u0131\u015f\u0131r ?<\/title>\r\n<meta name=\"description\" content=\"Hololens Teknolojisi Nedir, geli\u015fmesi ile birlikte pek \u00e7ok anlamda geli\u015fmeler ya\u015fanm\u0131\u015ft\u0131r, Hololens \u00f6nemli teknolojilerden birisidir.\" \/>\r\n<meta name=\"robots\" content=\"index, follow, max-snippet:-1, max-image-preview:large, max-video-preview:-1\" \/>\r\n<link rel=\"canonical\" href=\"https:\/\/www.holoportasyon.com.tr\/index.php\/hololens-teknolojisi\" \/>\r\n<meta property=\"og:locale\" content=\"tr_TR\" \/>\r\n<meta property=\"og:type\" content=\"article\" \/>\r\n<meta property=\"og:title\" content=\"Hololens Teknolojisi Nedir ve Nas\u0131l \u00c7al\u0131\u015f\u0131r ?\" \/>\r\n<meta property=\"og:description\" content=\"Hololens Teknolojisi Nedir, geli\u015fmesi ile birlikte pek \u00e7ok anlamda geli\u015fmeler ya\u015fanm\u0131\u015ft\u0131r, Hololens \u00f6nemli teknolojilerden birisidir.\" \/>\r\n<meta property=\"og:url\" content=\"https:\/\/www.holoportasyon.com.tr\/index.php\/hololens-teknolojisi\" \/>\r\n<meta property=\"og:site_name\" content=\"Holoportasyon\" \/>\r\n<meta property=\"article:modified_time\" content=\"2021-11-21T15:02:44+00:00\" \/>\r\n<meta name=\"twitter:card\" content=\"summary_large_image\" \/>\r\n<meta name=\"twitter:label1\" content=\"Tahmini okuma s\u00fcresi\" \/>\n\t<meta name=\"twitter:data1\" content=\"3 dakika\" \/>\r\n<script type=\"application\/ld+json\" class=\"yoast-schema-graph\">{\"@context\":\"https:\/\/schema.org\",\"@graph\":[{\"@type\":\"WebSite\",\"@id\":\"https:\/\/www.holoportasyon.com.tr\/#website\",\"url\":\"https:\/\/www.holoportasyon.com.tr\/\",\"name\":\"Holoportasyon\",\"description\":\"Holoportasyon, holo, lens, g\\u00f6zl\\u00fck, 3d, Metaverse, holoportasyon nedir\",\"potentialAction\":[{\"@type\":\"SearchAction\",\"target\":{\"@type\":\"EntryPoint\",\"urlTemplate\":\"https:\/\/www.holoportasyon.com.tr\/?s={search_term_string}\"},\"query-input\":\"required name=search_term_string\"}],\"inLanguage\":\"tr\"},{\"@type\":\"WebPage\",\"@id\":\"https:\/\/www.holoportasyon.com.tr\/index.php\/hololens-teknolojisi#webpage\",\"url\":\"https:\/\/www.holoportasyon.com.tr\/index.php\/hololens-teknolojisi\",\"name\":\"Hololens Teknolojisi Nedir ve Nas\\u0131l \\u00c7al\\u0131\\u015f\\u0131r ?\",\"isPartOf\":{\"@id\":\"https:\/\/www.holoportasyon.com.tr\/#website\"},\"datePublished\":\"2021-11-20T22:06:14+00:00\",\"dateModified\":\"2021-11-21T15:02:44+00:00\",\"description\":\"Hololens Teknolojisi Nedir, geli\\u015fmesi ile birlikte pek \\u00e7ok anlamda geli\\u015fmeler ya\\u015fanm\\u0131\\u015ft\\u0131r, Hololens \\u00f6nemli teknolojilerden birisidir.\",\"breadcrumb\":{\"@id\":\"https:\/\/www.holoportasyon.com.tr\/index.php\/hololens-teknolojisi#breadcrumb\"},\"inLanguage\":\"tr\",\"potentialAction\":[{\"@type\":\"ReadAction\",\"target\":[\"https:\/\/www.holoportasyon.com.tr\/index.php\/hololens-teknolojisi\"]}]},{\"@type\":\"BreadcrumbList\",\"@id\":\"https:\/\/www.holoportasyon.com.tr\/index.php\/hololens-teknolojisi#breadcrumb\",\"itemListElement\":[{\"@type\":\"ListItem\",\"position\":1,\"name\":\"Anasayfa\",\"item\":\"https:\/\/www.holoportasyon.com.tr\/\"},{\"@type\":\"ListItem\",\"position\":2,\"name\":\"Hololens Teknolojisi\"}]}]}<\/script>\r\n<!-- \/ Yoast SEO plugin. -->","yoast_head_json":{"title":"Hololens Teknolojisi Nedir ve Nas\u0131l \u00c7al\u0131\u015f\u0131r ?","description":"Hololens Teknolojisi Nedir, geli\u015fmesi ile birlikte pek \u00e7ok anlamda geli\u015fmeler ya\u015fanm\u0131\u015ft\u0131r, Hololens \u00f6nemli teknolojilerden birisidir.","robots":{"index":"index","follow":"follow","max-snippet":"max-snippet:-1","max-image-preview":"max-image-preview:large","max-video-preview":"max-video-preview:-1"},"canonical":"https:\/\/www.holoportasyon.com.tr\/index.php\/hololens-teknolojisi","og_locale":"tr_TR","og_type":"article","og_title":"Hololens Teknolojisi Nedir ve Nas\u0131l \u00c7al\u0131\u015f\u0131r ?","og_description":"Hololens Teknolojisi Nedir, geli\u015fmesi ile birlikte pek \u00e7ok anlamda geli\u015fmeler ya\u015fanm\u0131\u015ft\u0131r, Hololens \u00f6nemli teknolojilerden birisidir.","og_url":"https:\/\/www.holoportasyon.com.tr\/index.php\/hololens-teknolojisi","og_site_name":"Holoportasyon","article_modified_time":"2021-11-21T15:02:44+00:00","twitter_card":"summary_large_image","twitter_misc":{"Tahmini okuma s\u00fcresi":"3 dakika"},"schema":{"@context":"https:\/\/schema.org","@graph":[{"@type":"WebSite","@id":"https:\/\/www.holoportasyon.com.tr\/#website","url":"https:\/\/www.holoportasyon.com.tr\/","name":"Holoportasyon","description":"Holoportasyon, holo, lens, g\u00f6zl\u00fck, 3d, Metaverse, holoportasyon nedir","potentialAction":[{"@type":"SearchAction","target":{"@type":"EntryPoint","urlTemplate":"https:\/\/www.holoportasyon.com.tr\/?s={search_term_string}"},"query-input":"required name=search_term_string"}],"inLanguage":"tr"},{"@type":"WebPage","@id":"https:\/\/www.holoportasyon.com.tr\/index.php\/hololens-teknolojisi#webpage","url":"https:\/\/www.holoportasyon.com.tr\/index.php\/hololens-teknolojisi","name":"Hololens Teknolojisi Nedir ve Nas\u0131l \u00c7al\u0131\u015f\u0131r ?","isPartOf":{"@id":"https:\/\/www.holoportasyon.com.tr\/#website"},"datePublished":"2021-11-20T22:06:14+00:00","dateModified":"2021-11-21T15:02:44+00:00","description":"Hololens Teknolojisi Nedir, geli\u015fmesi ile birlikte pek \u00e7ok anlamda geli\u015fmeler ya\u015fanm\u0131\u015ft\u0131r, Hololens \u00f6nemli teknolojilerden birisidir.","breadcrumb":{"@id":"https:\/\/www.holoportasyon.com.tr\/index.php\/hololens-teknolojisi#breadcrumb"},"inLanguage":"tr","potentialAction":[{"@type":"ReadAction","target":["https:\/\/www.holoportasyon.com.tr\/index.php\/hololens-teknolojisi"]}]},{"@type":"BreadcrumbList","@id":"https:\/\/www.holoportasyon.com.tr\/index.php\/hololens-teknolojisi#breadcrumb","itemListElement":[{"@type":"ListItem","position":1,"name":"Anasayfa","item":"https:\/\/www.holoportasyon.com.tr\/"},{"@type":"ListItem","position":2,"name":"Hololens Teknolojisi"}]}]}},"_links":{"self":[{"href":"https:\/\/www.holoportasyon.com.tr\/index.php\/wp-json\/wp\/v2\/pages\/2565"}],"collection":[{"href":"https:\/\/www.holoportasyon.com.tr\/index.php\/wp-json\/wp\/v2\/pages"}],"about":[{"href":"https:\/\/www.holoportasyon.com.tr\/index.php\/wp-json\/wp\/v2\/types\/page"}],"author":[{"embeddable":true,"href":"https:\/\/www.holoportasyon.com.tr\/index.php\/wp-json\/wp\/v2\/users\/1"}],"replies":[{"embeddable":true,"href":"https:\/\/www.holoportasyon.com.tr\/index.php\/wp-json\/wp\/v2\/comments?post=2565"}],"version-history":[{"count":2,"href":"https:\/\/www.holoportasyon.com.tr\/index.php\/wp-json\/wp\/v2\/pages\/2565\/revisions"}],"predecessor-version":[{"id":2619,"href":"https:\/\/www.holoportasyon.com.tr\/index.php\/wp-json\/wp\/v2\/pages\/2565\/revisions\/2619"}],"wp:attachment":[{"href":"https:\/\/www.holoportasyon.com.tr\/index.php\/wp-json\/wp\/v2\/media?parent=2565"}],"curies":[{"name":"wp","href":"https:\/\/api.w.org\/{rel}","templated":true}]}}