{"id":2563,"date":"2021-11-21T01:05:59","date_gmt":"2021-11-20T22:05:59","guid":{"rendered":"https:\/\/www.holoportasyon.com.tr\/?page_id=2563"},"modified":"2021-11-21T18:01:39","modified_gmt":"2021-11-21T15:01:39","slug":"holoportasyon","status":"publish","type":"page","link":"https:\/\/www.holoportasyon.com.tr\/index.php\/holoportasyon","title":{"rendered":"Holoportasyon"},"content":{"rendered":"<h1>Holoportasyon<br \/>\n<strong><span style=\"font-size: 16px;\">Yani, Sanal Ger\u00e7eklik, Teknolojinin s\u00fcrekli olarak kendisini yenilemesiyle g\u00fcnden g\u00fcne yeni ke\u015fifler hayata ge\u00e7mektedir.<\/span><\/strong><br \/>\n<iframe loading=\"lazy\" title=\"YouTube video player\" src=\"https:\/\/www.youtube.com\/embed\/7d59O6cfaM0\" width=\"100%\" height=\"515\" frameborder=\"0\" allowfullscreen=\"allowfullscreen\"><span data-mce-type=\"bookmark\" style=\"display: inline-block; width: 0px; overflow: hidden; line-height: 0;\" class=\"mce_SELRES_start\">\ufeff<\/span><\/iframe><\/h1>\n<p>(Sanal Ger\u00e7eklik) Bu ke\u015fiflerden en \u00f6nemlilerinden birisi <strong>holoportasyon<\/strong> olmu\u015ftur. Holo lens ile Birden fazla ki\u015finin farkl\u0131 mekanlarda olmas\u0131na ra\u011fmen <a href=\"https:\/\/www.microsoft.com\/en-us\/research\/project\/holoportation-3\/\"><strong>holoportation<\/strong><\/a> ayn\u0131 ortamda birlikte sohbet etmeleri ve oyun oynamalar\u0131 veya g\u00f6r\u00fc\u015fmeleri art\u0131k m\u00fcmk\u00fcn olmaktad\u0131r.<\/p>\n<p>&nbsp;<\/p>\n<h3><strong><a href=\"https:\/\/www.holoportasyon.com.tr\/\">Holoportasyon<\/a> Ne Demek?\u00a0<\/strong><\/h3>\n<p>Bu sistemin ortaya \u00e7\u0131kmas\u0131yla birlikte <a href=\"https:\/\/www.holoportasyon.com.tr\/\">hololens<\/a> ad\u0131 verilen bir g\u00f6zl\u00fck ile uzakta olan bir ki\u015fi ile ayn\u0131 ortamda bulu\u015fmas\u0131na ve birlikte g\u00f6r\u00fc\u015fmelerine olanak sa\u011flayan teknolojik geli\u015fmeye verilen isimdir.<\/p>\n<p>Bu teknolojik geli\u015fme <a href=\"https:\/\/www.holoportasyon.com.tr\/\"><strong>holoportation<\/strong><\/a> gerek i\u015f d\u00fcnyas\u0131nda gerekse bireysel hayatta olduk\u00e7a olumlu sonu\u00e7lar verecektir. \u00d6rnek vermek gerekirse; i\u015f d\u00fcnyas\u0131nda ayn\u0131 ortamda olmas\u0131na gerek kalmadan ki\u015filerin hologramlar\u0131 ile <strong>holoportasyon<\/strong> sistemi kullan\u0131larak toplant\u0131lar ger\u00e7ek siluetleri ile yap\u0131labilecektir. Di\u011fer bir tabir ile bir yerden bir yere \u0131\u015f\u0131nlanma olarak ifade edilmektedir.<\/p>\n<p>&nbsp;<\/p>\n<p>Bu sistemi tasarlayan ku\u015fak gelecekte bu sistemi meslek haline getirecek ve yava\u015f yava\u015f i\u015f hayat\u0131na kat\u0131lan Z ku\u015fa\u011f\u0131n\u0131n dijital ve teknolojik \u00e7\u00f6z\u00fcm\u00fc olmu\u015ftur. Dijital d\u00f6n\u00fc\u015f\u00fcm ile end\u00fcstri 4.0, strateji ve pazarlama ve marka y\u00f6netimi konular\u0131nda d\u00fcnyada bir\u00e7ok \u015firket bu sistemin genel i\u015fleyi\u015fi konusunda i\u015f geli\u015ftirme ve ara\u015ft\u0131rma geli\u015ftirme yapmaktad\u0131r.<\/p>\n<p>&nbsp;<\/p>\n<h3><strong><a href=\"https:\/\/www.holoportasyon.com.tr\/\">Holoportasyon<\/a> <\/strong><strong style=\"font-size: 16px;\">Nas\u0131l \u0130\u015fler?\u00a0<\/strong><\/h3>\n<p>Bu sistem asl\u0131nda Z ku\u015fa\u011f\u0131n\u0131n s\u00fcrekli olarak kullanaca\u011f\u0131 bir sistem tan\u0131mlan\u0131rken gen\u00e7 ku\u015fa\u011f\u0131n i\u015f hayat\u0131nda bir ofise ba\u011fl\u0131 olmaks\u0131z\u0131n i\u015flerini yapma \u00f6zg\u00fcrl\u00fc\u011f\u00fcne sahip olacaklard\u0131r. Diledikleri yerde <strong>holoportation <\/strong>sayesinde i\u015flerini tamamlayarak \u00f6zg\u00fcrl\u00fcklerini kaybetmeyeceklerdir. Hololens ile kullan\u0131lan bu sistem i\u00e7in bir g\u00f6zl\u00fckle <strong>holoportasyon<\/strong> sisteme ba\u011flanarak istedikleri ortama siluetlerini \u0131\u015f\u0131nlama suretiyle \u00e7al\u0131\u015fmaktad\u0131r.<\/p>\n<p>&nbsp;<\/p>\n<h2>Sonu\u00e7 olarak, <strong style=\"font-size: 16px;\">Kurumsal Hayata Etkileri Nas\u0131l Olacak?\u00a0\u00a0<\/strong><\/h2>\n<p>Her y\u0131l kurumsal hayata binlerce Z ku\u015fa\u011f\u0131 gen\u00e7 kat\u0131lmaktad\u0131r. Gen\u00e7lerin bir \u00f6nceki ku\u015faktan farklar\u0131 i\u015f hayat\u0131nda bir kuruma ba\u011fl\u0131 olmak ama her g\u00fcn ofise ba\u011fl\u0131 olmamak ana fikri ile yola \u00e7\u0131karak neler yapabileceklerini tespit etmek olmaktad\u0131r.<\/p>\n<p>&nbsp;<\/p>\n<p><strong><a href=\"https:\/\/www.holoportasyon.com.tr\/\">holoportation nedir<\/a> <\/strong>sorusu \u0131\u015f\u0131nlanma olarak yan\u0131tlanabilir. Bu sistemle \u00f6zellikle gen\u00e7 ku\u015fak kendi \u00f6zg\u00fcrl\u00fcklerine dokunulmadan kendi i\u015flerinde \u00e7ok daha ba\u015far\u0131l\u0131 olacaklar\u0131n\u0131 inanmaktad\u0131rlar. Ger\u00e7ekten F\u00fcturistler bu \u0131\u015f\u0131nlanma konusunda Z ku\u015fa\u011f\u0131 ile ayn\u0131 fikri payla\u015fmaktad\u0131rlar.<\/p>\n<h2>Sonu\u00e7 olarak,<\/h2>\n<h3><strong><a href=\"https:\/\/www.microsoft.com\/en-us\/research\/project\/holoportation-3\/\">Holoportation<\/a> Yans\u0131mas\u0131<\/strong><\/h3>\n<p>&nbsp;<\/p>\n<p>I\u015f\u0131nlanma olarak bilinen<strong><a href=\"https:\/\/www.microsoft.com\/en-us\/research\/project\/holoportation-3\/\"> holoportation<\/a> nedir <\/strong>avantajlar\u0131 ve dezavantajlar\u0131 mevcuttur 3D sistemi ile kurulan teknolojik geli\u015fmenin ses, g\u00f6r\u00fcnt\u00fc ve siluet olarak bu \u00fc\u00e7 unsurun bulunmas\u0131 ayn\u0131 ortamda olmak kadar birbiriyle e\u015f de\u011fer durum yaratmaktad\u0131r. \u0130\u015f veya \u00f6zel hayatta \u00e7ok avantajlar\u0131 olan sistemin baz\u0131 kesimlere g\u00f6re <strong>holoportation nedir<\/strong> dezavantajlar\u0131 da var oldu\u011fu yorumlanmaktad\u0131r.<\/p>\n<p>&nbsp;<\/p>\n<p>\u0130nsani duygular \u00e7er\u00e7evesinde ger\u00e7ek fiziki olarak ki\u015filerin g\u00f6r\u00fc\u015fmemesi ruhsal ve duygusal a\u00e7\u0131dan yaln\u0131zl\u0131\u011fa ta\u015f\u0131naca\u011f\u0131 ve ki\u015filerin bu durumdan dolay\u0131 ruhsal a\u00e7l\u0131k ya\u015fanaca\u011f\u0131 konusunda \u00e7e\u015fitli fikirler \u00f6ne s\u00fcr\u00fclmektedir.<\/p>\n<p>&nbsp;<\/p>\n<p>Bu sistem hen\u00fcz hayata ge\u00e7memi\u015ftir. Fakat bir\u00e7ok \u00fclkede \u0131\u015f\u0131nlanma sistemini hayata ge\u00e7irmek ile ilgili detayl\u0131 \u00e7al\u0131\u015fmalar\u0131 mevcuttur. Bu anlamda \u00d6zellikle Amerika sistemin geli\u015fmesi ile ilgili uzun yol kat etmi\u015ftir. <strong>Hololens <\/strong>bu sistemin ayr\u0131lmaz par\u00e7as\u0131d\u0131r. <strong>Hololens <\/strong>\u00e7al\u0131\u015fmalar\u0131 devam etmektedir.<\/p>\n<p>&nbsp;<\/p>\n","protected":false},"excerpt":{"rendered":"<p>Holoportasyon Yani, Sanal Ger\u00e7eklik, Teknolojinin s\u00fcrekli olarak kendisini yenilemesiyle g\u00fcnden g\u00fcne yeni ke\u015fifler hayata ge\u00e7mektedir. \ufeff (Sanal Ger\u00e7eklik) Bu ke\u015fiflerden en \u00f6nemlilerinden birisi holoportasyon olmu\u015ftur. Holo lens ile Birden fazla ki\u015finin farkl\u0131 mekanlarda olmas\u0131na ra\u011fmen holoportation ayn\u0131 ortamda birlikte sohbet etmeleri ve oyun oynamalar\u0131 veya g\u00f6r\u00fc\u015fmeleri art\u0131k m\u00fcmk\u00fcn olmaktad\u0131r. &nbsp; Holoportasyon Ne Demek?\u00a0 Bu sistemin [&hellip;]<\/p>\n","protected":false},"author":1,"featured_media":0,"parent":0,"menu_order":0,"comment_status":"closed","ping_status":"closed","template":"","meta":[],"yoast_head":"<!-- This site is optimized with the Yoast SEO plugin v17.6 - https:\/\/yoast.com\/wordpress\/plugins\/seo\/ -->\r\n<title>Holoportasyon Nas\u0131l \u0130\u015fler? Kurumsal Hayata Etkileri Nas\u0131l Olacak?<\/title>\r\n<meta name=\"description\" content=\"Holoportasyon, I\u015f\u0131nlanma olarak bilinen nedir avantajlar\u0131 ve dezavantajlar\u0131 mevcuttur 3D sistemi ile kurulan teknolojik geli\u015fmenin g\u00f6r\u00fcnt\u00fc\" \/>\r\n<meta name=\"robots\" content=\"index, follow, max-snippet:-1, max-image-preview:large, max-video-preview:-1\" \/>\r\n<link rel=\"canonical\" href=\"https:\/\/www.holoportasyon.com.tr\/index.php\/holoportasyon\" \/>\r\n<meta property=\"og:locale\" content=\"tr_TR\" \/>\r\n<meta property=\"og:type\" content=\"article\" \/>\r\n<meta property=\"og:title\" content=\"Holoportasyon Nas\u0131l \u0130\u015fler? Kurumsal Hayata Etkileri Nas\u0131l Olacak?\" \/>\r\n<meta property=\"og:description\" content=\"Holoportasyon, I\u015f\u0131nlanma olarak bilinen nedir avantajlar\u0131 ve dezavantajlar\u0131 mevcuttur 3D sistemi ile kurulan teknolojik geli\u015fmenin g\u00f6r\u00fcnt\u00fc\" \/>\r\n<meta property=\"og:url\" content=\"https:\/\/www.holoportasyon.com.tr\/index.php\/holoportasyon\" \/>\r\n<meta property=\"og:site_name\" content=\"Holoportasyon\" \/>\r\n<meta property=\"article:modified_time\" content=\"2021-11-21T15:01:39+00:00\" \/>\r\n<meta name=\"twitter:card\" content=\"summary_large_image\" \/>\r\n<meta name=\"twitter:label1\" content=\"Tahmini okuma s\u00fcresi\" \/>\n\t<meta name=\"twitter:data1\" content=\"3 dakika\" \/>\r\n<script type=\"application\/ld+json\" class=\"yoast-schema-graph\">{\"@context\":\"https:\/\/schema.org\",\"@graph\":[{\"@type\":\"WebSite\",\"@id\":\"https:\/\/www.holoportasyon.com.tr\/#website\",\"url\":\"https:\/\/www.holoportasyon.com.tr\/\",\"name\":\"Holoportasyon\",\"description\":\"Holoportasyon, holo, lens, g\\u00f6zl\\u00fck, 3d, Metaverse, holoportasyon nedir\",\"potentialAction\":[{\"@type\":\"SearchAction\",\"target\":{\"@type\":\"EntryPoint\",\"urlTemplate\":\"https:\/\/www.holoportasyon.com.tr\/?s={search_term_string}\"},\"query-input\":\"required name=search_term_string\"}],\"inLanguage\":\"tr\"},{\"@type\":\"WebPage\",\"@id\":\"https:\/\/www.holoportasyon.com.tr\/index.php\/holoportasyon#webpage\",\"url\":\"https:\/\/www.holoportasyon.com.tr\/index.php\/holoportasyon\",\"name\":\"Holoportasyon Nas\\u0131l \\u0130\\u015fler? Kurumsal Hayata Etkileri Nas\\u0131l Olacak?\",\"isPartOf\":{\"@id\":\"https:\/\/www.holoportasyon.com.tr\/#website\"},\"datePublished\":\"2021-11-20T22:05:59+00:00\",\"dateModified\":\"2021-11-21T15:01:39+00:00\",\"description\":\"Holoportasyon, I\\u015f\\u0131nlanma olarak bilinen nedir avantajlar\\u0131 ve dezavantajlar\\u0131 mevcuttur 3D sistemi ile kurulan teknolojik geli\\u015fmenin g\\u00f6r\\u00fcnt\\u00fc\",\"breadcrumb\":{\"@id\":\"https:\/\/www.holoportasyon.com.tr\/index.php\/holoportasyon#breadcrumb\"},\"inLanguage\":\"tr\",\"potentialAction\":[{\"@type\":\"ReadAction\",\"target\":[\"https:\/\/www.holoportasyon.com.tr\/index.php\/holoportasyon\"]}]},{\"@type\":\"BreadcrumbList\",\"@id\":\"https:\/\/www.holoportasyon.com.tr\/index.php\/holoportasyon#breadcrumb\",\"itemListElement\":[{\"@type\":\"ListItem\",\"position\":1,\"name\":\"Anasayfa\",\"item\":\"https:\/\/www.holoportasyon.com.tr\/\"},{\"@type\":\"ListItem\",\"position\":2,\"name\":\"Holoportasyon\"}]}]}<\/script>\r\n<!-- \/ Yoast SEO plugin. -->","yoast_head_json":{"title":"Holoportasyon Nas\u0131l \u0130\u015fler? Kurumsal Hayata Etkileri Nas\u0131l Olacak?","description":"Holoportasyon, I\u015f\u0131nlanma olarak bilinen nedir avantajlar\u0131 ve dezavantajlar\u0131 mevcuttur 3D sistemi ile kurulan teknolojik geli\u015fmenin g\u00f6r\u00fcnt\u00fc","robots":{"index":"index","follow":"follow","max-snippet":"max-snippet:-1","max-image-preview":"max-image-preview:large","max-video-preview":"max-video-preview:-1"},"canonical":"https:\/\/www.holoportasyon.com.tr\/index.php\/holoportasyon","og_locale":"tr_TR","og_type":"article","og_title":"Holoportasyon Nas\u0131l \u0130\u015fler? Kurumsal Hayata Etkileri Nas\u0131l Olacak?","og_description":"Holoportasyon, I\u015f\u0131nlanma olarak bilinen nedir avantajlar\u0131 ve dezavantajlar\u0131 mevcuttur 3D sistemi ile kurulan teknolojik geli\u015fmenin g\u00f6r\u00fcnt\u00fc","og_url":"https:\/\/www.holoportasyon.com.tr\/index.php\/holoportasyon","og_site_name":"Holoportasyon","article_modified_time":"2021-11-21T15:01:39+00:00","twitter_card":"summary_large_image","twitter_misc":{"Tahmini okuma s\u00fcresi":"3 dakika"},"schema":{"@context":"https:\/\/schema.org","@graph":[{"@type":"WebSite","@id":"https:\/\/www.holoportasyon.com.tr\/#website","url":"https:\/\/www.holoportasyon.com.tr\/","name":"Holoportasyon","description":"Holoportasyon, holo, lens, g\u00f6zl\u00fck, 3d, Metaverse, holoportasyon nedir","potentialAction":[{"@type":"SearchAction","target":{"@type":"EntryPoint","urlTemplate":"https:\/\/www.holoportasyon.com.tr\/?s={search_term_string}"},"query-input":"required name=search_term_string"}],"inLanguage":"tr"},{"@type":"WebPage","@id":"https:\/\/www.holoportasyon.com.tr\/index.php\/holoportasyon#webpage","url":"https:\/\/www.holoportasyon.com.tr\/index.php\/holoportasyon","name":"Holoportasyon Nas\u0131l \u0130\u015fler? Kurumsal Hayata Etkileri Nas\u0131l Olacak?","isPartOf":{"@id":"https:\/\/www.holoportasyon.com.tr\/#website"},"datePublished":"2021-11-20T22:05:59+00:00","dateModified":"2021-11-21T15:01:39+00:00","description":"Holoportasyon, I\u015f\u0131nlanma olarak bilinen nedir avantajlar\u0131 ve dezavantajlar\u0131 mevcuttur 3D sistemi ile kurulan teknolojik geli\u015fmenin g\u00f6r\u00fcnt\u00fc","breadcrumb":{"@id":"https:\/\/www.holoportasyon.com.tr\/index.php\/holoportasyon#breadcrumb"},"inLanguage":"tr","potentialAction":[{"@type":"ReadAction","target":["https:\/\/www.holoportasyon.com.tr\/index.php\/holoportasyon"]}]},{"@type":"BreadcrumbList","@id":"https:\/\/www.holoportasyon.com.tr\/index.php\/holoportasyon#breadcrumb","itemListElement":[{"@type":"ListItem","position":1,"name":"Anasayfa","item":"https:\/\/www.holoportasyon.com.tr\/"},{"@type":"ListItem","position":2,"name":"Holoportasyon"}]}]}},"_links":{"self":[{"href":"https:\/\/www.holoportasyon.com.tr\/index.php\/wp-json\/wp\/v2\/pages\/2563"}],"collection":[{"href":"https:\/\/www.holoportasyon.com.tr\/index.php\/wp-json\/wp\/v2\/pages"}],"about":[{"href":"https:\/\/www.holoportasyon.com.tr\/index.php\/wp-json\/wp\/v2\/types\/page"}],"author":[{"embeddable":true,"href":"https:\/\/www.holoportasyon.com.tr\/index.php\/wp-json\/wp\/v2\/users\/1"}],"replies":[{"embeddable":true,"href":"https:\/\/www.holoportasyon.com.tr\/index.php\/wp-json\/wp\/v2\/comments?post=2563"}],"version-history":[{"count":2,"href":"https:\/\/www.holoportasyon.com.tr\/index.php\/wp-json\/wp\/v2\/pages\/2563\/revisions"}],"predecessor-version":[{"id":2618,"href":"https:\/\/www.holoportasyon.com.tr\/index.php\/wp-json\/wp\/v2\/pages\/2563\/revisions\/2618"}],"wp:attachment":[{"href":"https:\/\/www.holoportasyon.com.tr\/index.php\/wp-json\/wp\/v2\/media?parent=2563"}],"curies":[{"name":"wp","href":"https:\/\/api.w.org\/{rel}","templated":true}]}}