{"id":2561,"date":"2021-11-21T01:05:41","date_gmt":"2021-11-20T22:05:41","guid":{"rendered":"https:\/\/www.holoportasyon.com.tr\/?page_id=2561"},"modified":"2021-11-21T18:05:58","modified_gmt":"2021-11-21T15:05:58","slug":"holoportasyon-nedir-nasil-calisir","status":"publish","type":"page","link":"https:\/\/www.holoportasyon.com.tr\/index.php\/holoportasyon-nedir-nasil-calisir","title":{"rendered":"Holoportasyon Nedir? Nas\u0131l \u00c7al\u0131\u015f\u0131r?"},"content":{"rendered":"<h1><strong><a href=\"https:\/\/www.holoportasyon.com.tr\/\">Holoportasyon Sistemi Nas\u0131l \u00c7al\u0131\u015f\u0131r<\/a>?<\/strong><\/h1>\n<p><iframe loading=\"lazy\" title=\"YouTube video player\" src=\"https:\/\/www.youtube.com\/embed\/krn814e1TDE\" width=\"100%\" height=\"515\" frameborder=\"0\" allowfullscreen=\"allowfullscreen\"><\/iframe><\/p>\n<p><a href=\"https:\/\/www.microsoft.com\/en-us\/research\/project\/holoportation-3\/\">Holo lens<\/a>, yan\u0131n\u0131zda olmayan biriyle ayn\u0131 odada bulunuyormu\u015f\u00e7as\u0131na g\u00f6r\u00fc\u015febilmenizi sa\u011flayan teknoloji \u00fcr\u00fcn\u00fcd\u00fcr. <a href=\"https:\/\/www.holoportasyon.com.tr\/\"><strong>Holo lens<\/strong><\/a> teknolojik bir g\u00f6zl\u00fckt\u00fcr ve uzakta bulunan birini \u0131\u015f\u0131nlayarak g\u00f6r\u00fcnt\u00fcl\u00fc sistemi a\u015fan bir sistemidir. Kar\u015f\u0131ndaki ki\u015finin hologram\u0131n\u0131 olu\u015fturarak yan\u0131n\u0131zda gibi g\u00f6steren teknolojiye holoportasyon denmektedir. <a href=\"https:\/\/www.holoportasyon.com.tr\/\"><strong>Holoportasyon nedir<\/strong><\/a> sorusu b\u00fcy\u00fck merak konusudur ve birden fazla kameradan al\u0131nan g\u00f6r\u00fcnt\u00fcleri i\u015fleyerek h\u0131zla geli\u015ftiren bir yaz\u0131l\u0131md\u0131r.<\/p>\n<h3><\/h3>\n<h2><strong><a href=\"https:\/\/www.holoportasyon.com.tr\/\">Holoportation Nedir<\/a>?<\/strong><\/h2>\n<p>&nbsp;<\/p>\n<p>G\u00f6r\u00fcnt\u00fcl\u00fc konu\u015fma sistemini daha ileri ta\u015f\u0131ma \u00f6zelli\u011fi bulunan holoportasyon sistemi meslek olarak h\u0131zla geli\u015fmektedir. Gelece\u011fin meslekleri aras\u0131nda say\u0131lan holoportasyon yaz\u0131l\u0131m\u0131 \u00fc\u00e7 boyutlu bir taray\u0131c\u0131 \u015feklinde \u00e7al\u0131\u015fmaktad\u0131r. <a href=\"https:\/\/www.holoportasyon.com.tr\/\"><strong>Holo lens nedir<\/strong><\/a> sorusuna k\u0131saca bir t\u00fcr teknik g\u00f6zl\u00fckt\u00fcr denilebilmektedir. Ba\u015fka yerdeki birini <a href=\"https:\/\/www.microsoft.com\/en-us\/research\/project\/holoportation-3\/\"><strong>holo lens<\/strong> <\/a>sayesinde yan\u0131n\u0131zdaym\u0131\u015f gibi g\u00f6rebilirsiniz. Z ku\u015fa\u011f\u0131 meslekleri aras\u0131nda g\u00f6r\u00fclen <a href=\"https:\/\/www.holoportasyon.com.tr\/\"><strong>holoportasyon nedir<\/strong><\/a> diye d\u00fc\u015f\u00fcnenler i\u00e7in \u00e7ok \u00fc\u00e7 boyutlu g\u00f6r\u00fcnt\u00fc sitemi denilebilecektir.<\/p>\n<p>&nbsp;<\/p>\n<p>Holoportasyon y\u00fcksek yaz\u0131l\u0131m sistemleri aras\u0131nda bir teknoloji sistemidir. G\u00f6r\u00fcnt\u00fcl\u00fc konu\u015fmay\u0131 daha ileriye ta\u015f\u0131yan holo lens g\u00f6zl\u00fck bulundu\u011fu odan\u0131n her k\u00f6\u015fesine kurularak kullan\u0131lmaktad\u0131r. B\u00fct\u00fcn kameralardan al\u0131nan g\u00f6r\u00fcnt\u00fcleri \u0131\u015f\u0131k h\u0131z\u0131yla i\u015fledikten sonra dijital modeller olu\u015fturmaktad\u0131r. Holoportasyon uzmanl\u0131\u011f\u0131 mesle\u011fiyle birlikte \u00e7ok robot veterinerli\u011fi ve duygu durumu tasar\u0131m\u0131 ve r\u00fcya ger\u00e7ekle\u015ftiricili\u011fi gibi teknoloji meslekler de gelecekte b\u00fcy\u00fck yer alacakt\u0131r Sonu\u00e7 olarak,<\/p>\n<h2>Sonu\u00e7 olarak,<\/h2>\n<h3><a href=\"https:\/\/www.holoportasyon.com.tr\/\"><strong>Holo Lens Teknoloji \u00d6zellikleri<\/strong><\/a><\/h3>\n<p>&nbsp;<\/p>\n<p>Bir \u00e7e\u015fit \u00fc\u00e7 boyutlu g\u00f6zl\u00fck olarak d\u00fc\u015f\u00fcn\u00fclebilecek <a href=\"https:\/\/www.microsoft.com\/en-us\/research\/project\/holoportation-3\/\"><strong>holo lens<\/strong> <\/a>ba\u015fka mekanda bulunan birini yan\u0131n\u0131zda gibi g\u00f6sterebilmektedir. Bir odan\u0131n d\u00f6rt bir yan\u0131na yerle\u015ftirilen kameralardan al\u0131nan g\u00f6r\u00fcnt\u00fcleri i\u015fleyerek \u00fc\u00e7 boyutlu olarak yans\u0131tan <a href=\"https:\/\/www.microsoft.com\/en-us\/research\/project\/holoportation-3\/\"><strong>holo lens nedir<\/strong><\/a> g\u00f6r\u00fcnt\u00fcl\u00fc konu\u015fmay\u0131 a\u015fm\u0131\u015f bulunmaktad\u0131r. <a href=\"https:\/\/www.holoportasyon.com.tr\/\">Z ku\u015fa\u011f\u0131n\u0131n meslekleri<\/a> aras\u0131nda bulunan holoportasyon uzmanl\u0131\u011f\u0131 alan\u0131nda e\u011fitimler s\u00fcrmektedir. \u00dc\u00e7 boyutlu yaz\u0131c\u0131 y\u00f6ntemiyle \u00e7al\u0131\u015fan <a href=\"https:\/\/www.holoportasyon.com.tr\/\">holoportasyon<\/a> sistemi ortamda bulunan cisimlerin dijital modellerini \u00e7\u0131karabilmektedir.<\/p>\n<p>&nbsp;<\/p>\n<p><a href=\"https:\/\/www.holoportasyon.com.tr\/\"><strong>Holoportation nedir<\/strong><\/a>? Kaybolan mesleklerin yerine gelen yeni nesil bir meslektir. Uzakta bulunanlar aras\u0131nda ileti\u015fimi g\u00fc\u00e7lendirmekle birlikte g\u00f6r\u00fcnt\u00fc kayd\u0131 yaparak sonradan i\u00e7indeymi\u015f gibi izleyebilme olana\u011f\u0131 vermektedir. Muhte\u015fem bir yaz\u0131l\u0131m-donan\u0131m olarak geli\u015ftirilen holo lens yeni teknikler geli\u015ftirebilmek i\u00e7in kullan\u0131lmak amac\u0131yla geli\u015ftirilmektedir. Teknoloji ve baz\u0131 mesleklerin yok olma nedeni olabilirken, yepyeni mesleklerin do\u011fumuna da tan\u0131kl\u0131k etmektedir Sonu\u00e7 olarak,<\/p>\n<h2>Sonu\u00e7 olarak<\/h2>\n<h2><a href=\"https:\/\/www.holoportasyon.com.tr\/\"><strong>Holoportation Nedir?<\/strong><\/a><\/h2>\n<p>&nbsp;<\/p>\n<p><strong><a href=\"https:\/\/www.holoportasyon.com.tr\/\">Holoportasyon<\/a><\/strong>, <strong><a href=\"https:\/\/www.holoportasyon.com.tr\/\">Z ku\u015fa\u011f\u0131 meslekleri<\/a><\/strong> aras\u0131nda bulunan bir yaz\u0131l\u0131m teknolojisidir. <a href=\"https:\/\/www.holoportasyon.com.tr\/\"><strong>Holo lens nedir<\/strong><\/a> sorusunun cevab\u0131 ve \u00fc\u00e7 boyutlu yaz\u0131c\u0131 sistemi gibi \u00e7al\u0131\u015fan bir yaz\u0131l\u0131m sistemidir. \u00dcr\u00fcn geli\u015ftirme ve kullan\u0131c\u0131ya ula\u015ft\u0131rma konusunda \u00e7al\u0131\u015fmalar h\u0131zla devam etmektedir. <a href=\"https:\/\/www.holoportasyon.com.tr\/\">Holoportasyon<\/a> Microsoft\u2019un geli\u015ftirdi\u011fi bir uygulama olarak gelece\u011fin meslekleri aras\u0131ndad\u0131r. Holo lens ise holoportasyon sitemini g\u00f6r\u00fcn\u00fcr hale getiren teknoloji \u00fcr\u00fcn\u00fcd\u00fcr. Kullan\u0131c\u0131lar aras\u0131nda ileti\u015fim g\u00fc\u00e7lendirici olarak i\u015flem g\u00f6rece\u011fi gibi yeni geli\u015fmelere destek olabilece\u011fi de d\u00fc\u015f\u00fcn\u00fclmektedir.<\/p>\n<p>&nbsp;<\/p>\n<p>R\u00fcya ger\u00e7ekle\u015ftirme mesle\u011fi, robot veterinerli\u011fi, etik hackerlik ve <strong><a href=\"https:\/\/www.holoportasyon.com.tr\/\">holoportasyon<\/a> <a href=\"https:\/\/www.holoportasyon.com.tr\/\">yaz\u0131l\u0131mc\u0131l\u0131\u011f\u0131<\/a> <\/strong>en \u00e7ok aranan meslekler aras\u0131nda yer alabilecektir. G\u00fcn\u00fcm\u00fcz mesleklerinden pek \u00e7o\u011funun yok olabilece\u011fi ve gelecekte yeni meslekler meydana gelece\u011fi bir ger\u00e7ektir. Gelece\u011fi Z ku\u015fa\u011f\u0131 meslek se\u00e7imi ve planlama konusunda s\u00f6z sahibi olacakt\u0131r. Holoportasyon uzman\u0131 olmak isteyenler, yaz\u0131l\u0131m ve bilgisayar teknolojisi e\u011fitimi alarak sekt\u00f6rde yer alabilecektir.<\/p>\n<p>&nbsp;<\/p>\n<ul>\n<li><a href=\"https:\/\/www.microsoft.com\/en-us\/research\/project\/holoportation-3\/\">Holo lens.<\/a><\/li>\n<li><a href=\"https:\/\/www.microsoft.com\/en-us\/research\/project\/holoportation-3\/\">holo lens nedir.<\/a><\/li>\n<li><a href=\"https:\/\/www.microsoft.com\/en-us\/research\/project\/holoportation-3\/\">Hololens.<\/a><\/li>\n<li><a href=\"https:\/\/www.microsoft.com\/en-us\/research\/project\/holoportation-3\/\">Hololens Ne \u0130\u015fe Yarar.<\/a><\/li>\n<li><a href=\"https:\/\/www.microsoft.com\/en-us\/research\/project\/holoportation-3\/\">holoportation nedir.<\/a><\/li>\n<li><a href=\"https:\/\/www.microsoft.com\/en-us\/research\/project\/holoportation-3\/\">Holoportasyon.<\/a><\/li>\n<li><a href=\"https:\/\/www.microsoft.com\/en-us\/research\/project\/holoportation-3\/\">Z ku\u015fa\u011f\u0131n\u0131n meslekleri .<\/a><\/li>\n<\/ul>\n","protected":false},"excerpt":{"rendered":"<p>Holoportasyon Sistemi Nas\u0131l \u00c7al\u0131\u015f\u0131r? Holo lens, yan\u0131n\u0131zda olmayan biriyle ayn\u0131 odada bulunuyormu\u015f\u00e7as\u0131na g\u00f6r\u00fc\u015febilmenizi sa\u011flayan teknoloji \u00fcr\u00fcn\u00fcd\u00fcr. Holo lens teknolojik bir g\u00f6zl\u00fckt\u00fcr ve uzakta bulunan birini \u0131\u015f\u0131nlayarak g\u00f6r\u00fcnt\u00fcl\u00fc sistemi a\u015fan bir sistemidir. Kar\u015f\u0131ndaki ki\u015finin hologram\u0131n\u0131 olu\u015fturarak yan\u0131n\u0131zda gibi g\u00f6steren teknolojiye holoportasyon denmektedir. Holoportasyon nedir sorusu b\u00fcy\u00fck merak konusudur ve birden fazla kameradan al\u0131nan g\u00f6r\u00fcnt\u00fcleri i\u015fleyerek h\u0131zla [&hellip;]<\/p>\n","protected":false},"author":1,"featured_media":2532,"parent":0,"menu_order":0,"comment_status":"closed","ping_status":"closed","template":"","meta":[],"yoast_head":"<!-- This site is optimized with the Yoast SEO plugin v17.6 - https:\/\/yoast.com\/wordpress\/plugins\/seo\/ -->\r\n<title>Holoportasyon Nedir? Nas\u0131l \u00c7al\u0131\u015f\u0131r?<\/title>\r\n<meta name=\"description\" content=\"Holoportasyon (holoportation) Ba\u015fka yerdeki birini holo lens sayesinde yan\u0131n\u0131zdaym\u0131\u015f gibi g\u00f6r\u00fcnt\u00fclemenizi sa\u011flayan teknolojidir.\" \/>\r\n<meta name=\"robots\" content=\"index, follow, max-snippet:-1, max-image-preview:large, max-video-preview:-1\" \/>\r\n<link rel=\"canonical\" href=\"https:\/\/www.holoportasyon.com.tr\/index.php\/holoportasyon-nedir-nasil-calisir\" \/>\r\n<meta property=\"og:locale\" content=\"tr_TR\" \/>\r\n<meta property=\"og:type\" content=\"article\" \/>\r\n<meta property=\"og:title\" content=\"Holoportasyon Nedir? Nas\u0131l \u00c7al\u0131\u015f\u0131r?\" \/>\r\n<meta property=\"og:description\" content=\"Holoportasyon (holoportation) Ba\u015fka yerdeki birini holo lens sayesinde yan\u0131n\u0131zdaym\u0131\u015f gibi g\u00f6r\u00fcnt\u00fclemenizi sa\u011flayan teknolojidir.\" \/>\r\n<meta property=\"og:url\" content=\"https:\/\/www.holoportasyon.com.tr\/index.php\/holoportasyon-nedir-nasil-calisir\" \/>\r\n<meta property=\"og:site_name\" content=\"Holoportasyon\" \/>\r\n<meta property=\"article:modified_time\" content=\"2021-11-21T15:05:58+00:00\" \/>\r\n<meta property=\"og:image\" content=\"https:\/\/www.holoportasyon.com.tr\/wp-content\/uploads\/2021\/11\/holoportasyon.jpg\" \/>\r\n\t<meta property=\"og:image:width\" content=\"960\" \/>\r\n\t<meta property=\"og:image:height\" content=\"543\" \/>\r\n<meta name=\"twitter:card\" content=\"summary_large_image\" \/>\r\n<meta name=\"twitter:label1\" content=\"Tahmini okuma s\u00fcresi\" \/>\n\t<meta name=\"twitter:data1\" content=\"3 dakika\" \/>\r\n<script type=\"application\/ld+json\" class=\"yoast-schema-graph\">{\"@context\":\"https:\/\/schema.org\",\"@graph\":[{\"@type\":\"WebSite\",\"@id\":\"https:\/\/www.holoportasyon.com.tr\/#website\",\"url\":\"https:\/\/www.holoportasyon.com.tr\/\",\"name\":\"Holoportasyon\",\"description\":\"Holoportasyon, holo, lens, g\\u00f6zl\\u00fck, 3d, Metaverse, holoportasyon nedir\",\"potentialAction\":[{\"@type\":\"SearchAction\",\"target\":{\"@type\":\"EntryPoint\",\"urlTemplate\":\"https:\/\/www.holoportasyon.com.tr\/?s={search_term_string}\"},\"query-input\":\"required name=search_term_string\"}],\"inLanguage\":\"tr\"},{\"@type\":\"ImageObject\",\"@id\":\"https:\/\/www.holoportasyon.com.tr\/index.php\/holoportasyon-nedir-nasil-calisir#primaryimage\",\"inLanguage\":\"tr\",\"url\":\"https:\/\/www.holoportasyon.com.tr\/wp-content\/uploads\/2021\/11\/holoportasyon.jpg\",\"contentUrl\":\"https:\/\/www.holoportasyon.com.tr\/wp-content\/uploads\/2021\/11\/holoportasyon.jpg\",\"width\":960,\"height\":543,\"caption\":\"Holoportasyon\"},{\"@type\":\"WebPage\",\"@id\":\"https:\/\/www.holoportasyon.com.tr\/index.php\/holoportasyon-nedir-nasil-calisir#webpage\",\"url\":\"https:\/\/www.holoportasyon.com.tr\/index.php\/holoportasyon-nedir-nasil-calisir\",\"name\":\"Holoportasyon Nedir? Nas\\u0131l \\u00c7al\\u0131\\u015f\\u0131r?\",\"isPartOf\":{\"@id\":\"https:\/\/www.holoportasyon.com.tr\/#website\"},\"primaryImageOfPage\":{\"@id\":\"https:\/\/www.holoportasyon.com.tr\/index.php\/holoportasyon-nedir-nasil-calisir#primaryimage\"},\"datePublished\":\"2021-11-20T22:05:41+00:00\",\"dateModified\":\"2021-11-21T15:05:58+00:00\",\"description\":\"Holoportasyon (holoportation) Ba\\u015fka yerdeki birini holo lens sayesinde yan\\u0131n\\u0131zdaym\\u0131\\u015f gibi g\\u00f6r\\u00fcnt\\u00fclemenizi sa\\u011flayan teknolojidir.\",\"breadcrumb\":{\"@id\":\"https:\/\/www.holoportasyon.com.tr\/index.php\/holoportasyon-nedir-nasil-calisir#breadcrumb\"},\"inLanguage\":\"tr\",\"potentialAction\":[{\"@type\":\"ReadAction\",\"target\":[\"https:\/\/www.holoportasyon.com.tr\/index.php\/holoportasyon-nedir-nasil-calisir\"]}]},{\"@type\":\"BreadcrumbList\",\"@id\":\"https:\/\/www.holoportasyon.com.tr\/index.php\/holoportasyon-nedir-nasil-calisir#breadcrumb\",\"itemListElement\":[{\"@type\":\"ListItem\",\"position\":1,\"name\":\"Anasayfa\",\"item\":\"https:\/\/www.holoportasyon.com.tr\/\"},{\"@type\":\"ListItem\",\"position\":2,\"name\":\"Holoportasyon Nedir? Nas\\u0131l \\u00c7al\\u0131\\u015f\\u0131r?\"}]}]}<\/script>\r\n<!-- \/ Yoast SEO plugin. -->","yoast_head_json":{"title":"Holoportasyon Nedir? Nas\u0131l \u00c7al\u0131\u015f\u0131r?","description":"Holoportasyon (holoportation) Ba\u015fka yerdeki birini holo lens sayesinde yan\u0131n\u0131zdaym\u0131\u015f gibi g\u00f6r\u00fcnt\u00fclemenizi sa\u011flayan teknolojidir.","robots":{"index":"index","follow":"follow","max-snippet":"max-snippet:-1","max-image-preview":"max-image-preview:large","max-video-preview":"max-video-preview:-1"},"canonical":"https:\/\/www.holoportasyon.com.tr\/index.php\/holoportasyon-nedir-nasil-calisir","og_locale":"tr_TR","og_type":"article","og_title":"Holoportasyon Nedir? Nas\u0131l \u00c7al\u0131\u015f\u0131r?","og_description":"Holoportasyon (holoportation) Ba\u015fka yerdeki birini holo lens sayesinde yan\u0131n\u0131zdaym\u0131\u015f gibi g\u00f6r\u00fcnt\u00fclemenizi sa\u011flayan teknolojidir.","og_url":"https:\/\/www.holoportasyon.com.tr\/index.php\/holoportasyon-nedir-nasil-calisir","og_site_name":"Holoportasyon","article_modified_time":"2021-11-21T15:05:58+00:00","og_image":[{"width":960,"height":543,"url":"https:\/\/www.holoportasyon.com.tr\/wp-content\/uploads\/2021\/11\/holoportasyon.jpg","type":"image\/jpeg"}],"twitter_card":"summary_large_image","twitter_misc":{"Tahmini okuma s\u00fcresi":"3 dakika"},"schema":{"@context":"https:\/\/schema.org","@graph":[{"@type":"WebSite","@id":"https:\/\/www.holoportasyon.com.tr\/#website","url":"https:\/\/www.holoportasyon.com.tr\/","name":"Holoportasyon","description":"Holoportasyon, holo, lens, g\u00f6zl\u00fck, 3d, Metaverse, holoportasyon nedir","potentialAction":[{"@type":"SearchAction","target":{"@type":"EntryPoint","urlTemplate":"https:\/\/www.holoportasyon.com.tr\/?s={search_term_string}"},"query-input":"required name=search_term_string"}],"inLanguage":"tr"},{"@type":"ImageObject","@id":"https:\/\/www.holoportasyon.com.tr\/index.php\/holoportasyon-nedir-nasil-calisir#primaryimage","inLanguage":"tr","url":"https:\/\/www.holoportasyon.com.tr\/wp-content\/uploads\/2021\/11\/holoportasyon.jpg","contentUrl":"https:\/\/www.holoportasyon.com.tr\/wp-content\/uploads\/2021\/11\/holoportasyon.jpg","width":960,"height":543,"caption":"Holoportasyon"},{"@type":"WebPage","@id":"https:\/\/www.holoportasyon.com.tr\/index.php\/holoportasyon-nedir-nasil-calisir#webpage","url":"https:\/\/www.holoportasyon.com.tr\/index.php\/holoportasyon-nedir-nasil-calisir","name":"Holoportasyon Nedir? Nas\u0131l \u00c7al\u0131\u015f\u0131r?","isPartOf":{"@id":"https:\/\/www.holoportasyon.com.tr\/#website"},"primaryImageOfPage":{"@id":"https:\/\/www.holoportasyon.com.tr\/index.php\/holoportasyon-nedir-nasil-calisir#primaryimage"},"datePublished":"2021-11-20T22:05:41+00:00","dateModified":"2021-11-21T15:05:58+00:00","description":"Holoportasyon (holoportation) Ba\u015fka yerdeki birini holo lens sayesinde yan\u0131n\u0131zdaym\u0131\u015f gibi g\u00f6r\u00fcnt\u00fclemenizi sa\u011flayan teknolojidir.","breadcrumb":{"@id":"https:\/\/www.holoportasyon.com.tr\/index.php\/holoportasyon-nedir-nasil-calisir#breadcrumb"},"inLanguage":"tr","potentialAction":[{"@type":"ReadAction","target":["https:\/\/www.holoportasyon.com.tr\/index.php\/holoportasyon-nedir-nasil-calisir"]}]},{"@type":"BreadcrumbList","@id":"https:\/\/www.holoportasyon.com.tr\/index.php\/holoportasyon-nedir-nasil-calisir#breadcrumb","itemListElement":[{"@type":"ListItem","position":1,"name":"Anasayfa","item":"https:\/\/www.holoportasyon.com.tr\/"},{"@type":"ListItem","position":2,"name":"Holoportasyon Nedir? Nas\u0131l \u00c7al\u0131\u015f\u0131r?"}]}]}},"_links":{"self":[{"href":"https:\/\/www.holoportasyon.com.tr\/index.php\/wp-json\/wp\/v2\/pages\/2561"}],"collection":[{"href":"https:\/\/www.holoportasyon.com.tr\/index.php\/wp-json\/wp\/v2\/pages"}],"about":[{"href":"https:\/\/www.holoportasyon.com.tr\/index.php\/wp-json\/wp\/v2\/types\/page"}],"author":[{"embeddable":true,"href":"https:\/\/www.holoportasyon.com.tr\/index.php\/wp-json\/wp\/v2\/users\/1"}],"replies":[{"embeddable":true,"href":"https:\/\/www.holoportasyon.com.tr\/index.php\/wp-json\/wp\/v2\/comments?post=2561"}],"version-history":[{"count":2,"href":"https:\/\/www.holoportasyon.com.tr\/index.php\/wp-json\/wp\/v2\/pages\/2561\/revisions"}],"predecessor-version":[{"id":2621,"href":"https:\/\/www.holoportasyon.com.tr\/index.php\/wp-json\/wp\/v2\/pages\/2561\/revisions\/2621"}],"wp:featuredmedia":[{"embeddable":true,"href":"https:\/\/www.holoportasyon.com.tr\/index.php\/wp-json\/wp\/v2\/media\/2532"}],"wp:attachment":[{"href":"https:\/\/www.holoportasyon.com.tr\/index.php\/wp-json\/wp\/v2\/media?parent=2561"}],"curies":[{"name":"wp","href":"https:\/\/api.w.org\/{rel}","templated":true}]}}